{"id":2806,"date":"2019-07-31T12:52:10","date_gmt":"2019-07-31T15:52:10","guid":{"rendered":"http:\/\/bhconsulting.com.ar\/\/?page_id=2806"},"modified":"2023-11-06T11:12:31","modified_gmt":"2023-11-06T14:12:31","slug":"soluciones","status":"publish","type":"page","link":"https:\/\/bhconsulting.com.ar\/en\/soluciones\/","title":{"rendered":"Soluciones"},"content":{"rendered":"<p>[vc_row full_width=&#8221;stretch_row&#8221; parallax=&#8221;content-moving&#8221; background_overlay_color=&#8221;yes&#8221; el_id=&#8221;ariba&#8221;][vc_column][cms_cta cta_title=&#8221;ARIBA&#8221; cta_title_color=&#8221;#ffffff&#8221; cta_desc_color=&#8221;#ffffff&#8221; button_text=&#8221;VISITAR&#8221; link_button=&#8221;url:http%3A%2F%2Fes.ariba.com%2F||target:%20_blank|&#8221; button_style=&#8221;btn-default-white-alt&#8221; cta_text=&#8221;Worried about debt?&#8221; button_duplicated=&#8221;&#8221; cta_align=&#8221;&#8221; cms_template=&#8221;cms_cta&#8211;style3.php&#8221;][\/vc_column][\/vc_row][vc_row full_width=&#8221;stretch_row&#8221;][vc_column][vc_empty_space height=&#8221;43px&#8221;][vc_column_text]Con Ariba, la red comercial mundial, y sus aplicaciones basadas en la nube, l\u00edderes en la industria, puede extender sus procesos m\u00e1s all\u00e1 de los l\u00edmites f\u00edsicos de su organizaci\u00f3n. Luego, sin instalar ning\u00fan software ni hardware nuevo, puede conectarse y cooperar con comunidades digitales de socios, pares y posibles compradores de todo el mundo. Ariba ofrece los siguientes escenarios de negocios los cuales pueden o no implementarse de acuerdo a las necesidades de su organizaci\u00f3n:[\/vc_column_text][vc_empty_space height=&#8221;43px&#8221;][cms_fancybox_single icon_fontawesome=&#8221;fa fa-bar-chart&#8221; title_item=&#8221;SPEND-ANALYSIS&#8221; description_item=&#8221;Este escenario de negocios se utiliza para obtener un an\u00e1lisis consolidado y clasificado de sus compras y Proveedores. Esto le permitir\u00e1 tomar mejores decisiones de compra y negociar de mejor manera.&#8221; cms_template=&#8221;cms_fancybox_single&#8211;layout6.php&#8221;][vc_empty_space height=&#8221;25px&#8221;][cms_fancybox_single icon_fontawesome=&#8221;fa fa-search&#8221; title_item=&#8221;SOURCING&#8221; description_item=&#8221;Este escenario de negocios se utiliza para la b\u00fasqueda de fuentes de aprovisionamiento mediante el procesamiento de RFx (Pedido de informaci\u00f3n, Pedido de propuesta y\/o Pedido de cotizaci\u00f3n) y subastas, conectado directamente con Ariba Network.&#8221; cms_template=&#8221;cms_fancybox_single&#8211;layout6.php&#8221;][vc_empty_space height=&#8221;25px&#8221;][cms_fancybox_single icon_fontawesome=&#8221;fa fa-pencil-square-o&#8221; title_item=&#8221;CONTRACT MANAGEMENT&#8221; description_item=&#8221;Este escenario de negocios se utiliza tanto para la creaci\u00f3n y procesamiento de Contratos Operativos como Contratos Legales con Proveedores, a fin de establecer acuerdos a mediado\/largo plazo que permitan no s\u00f3lo asegurar el aprovisionamiento sino tambi\u00e9n hacerlo bajo las mejores condiciones.&#8221; cms_template=&#8221;cms_fancybox_single&#8211;layout6.php&#8221;][vc_empty_space height=&#8221;25px&#8221;][cms_fancybox_single icon_fontawesome=&#8221;fa fa-sign-out&#8221; title_item=&#8221;PROCUREMENT&#8221; description_item=&#8221;Este escenario de negocios apunta a automatizar parte o todo el proceso de Procure-to-Pay sin importar que Sistema ERP o de Compras se est\u00e9 utilizando. Los usuarios obtienen una experiencia \u00f3ptima y simple de compra como si lo estuviesen haciendo por internet mientras que el \u00c1rea de Compras obtiene mayor control y colaboraci\u00f3n, reduciendo la carga operativa.&#8221; cms_template=&#8221;cms_fancybox_single&#8211;layout6.php&#8221;][vc_empty_space height=&#8221;25px&#8221;][cms_fancybox_single icon_fontawesome=&#8221;fa fa-check-square-o&#8221; title_item=&#8221;SUPPLIER MANAGEMENT&#8221; description_item=&#8221;Este escenario de negocios permite, conectado con Ariba Network, tener una visibilidad y control total respecto a la gesti\u00f3n y performance de los Proveedores.&#8221; cms_template=&#8221;cms_fancybox_single&#8211;layout6.php&#8221;][vc_empty_space height=&#8221;25px&#8221;][cms_fancybox_single icon_fontawesome=&#8221;fa fa-repeat&#8221; title_item=&#8221;DISCOVERY&#8221; description_item=&#8221;Este es un Servicio gratuito asociado a Ariba Network que facilita la b\u00fasqueda de nuevos Proveedores, y al instante lo conecta con proveedores de productos y servicios de alta calidad que est\u00e1n listos para competir por su negocio y reducir sus costos y riesgos de suministro. Bien sea que se dedique al abastecimiento estrat\u00e9gico o a la compra puntual, la b\u00fasqueda conlleva solo tres pasos.&#8221; cms_template=&#8221;cms_fancybox_single&#8211;layout6.php&#8221;][vc_empty_space height=&#8221;25px&#8221;][cms_fancybox_single icon_fontawesome=&#8221;fa fa-long-arrow-up&#8221; title_item=&#8221;SPOT-BUY&#8221; description_item=&#8221;Administradas por Ariba Discovery, las compras puntuales de Ariba le permiten acceder a servicios en l\u00ednea de primera calidad para enlazar a compradores y vendedores en la red Ariba Network. Ahora puede usarlo para descubrir nuevas fuentes de proveedores y obtener ofertas competitivas para satisfacer sus necesidades de compra puntual o abastecimiento t\u00e1ctico de manera r\u00e1pida, ahorrando tiempo, dinero y complicaciones.&#8221; cms_template=&#8221;cms_fancybox_single&#8211;layout6.php&#8221;][vc_empty_space height=&#8221;74px&#8221;][\/vc_column][\/vc_row][vc_row full_width=&#8221;stretch_row&#8221; parallax=&#8221;content-moving&#8221; background_overlay_color=&#8221;yes&#8221; el_id=&#8221;ariban&#8221;][vc_column][cms_cta cta_title=&#8221;ARIBA NETWORK&#8221; cta_title_color=&#8221;#ffffff&#8221; cta_desc_color=&#8221;#ffffff&#8221; button_text=&#8221;VISITAR&#8221; link_button=&#8221;url:http%3A%2F%2Fes.ariba.com%2F||target:%20_blank|&#8221; button_style=&#8221;btn-default-white-alt&#8221; cta_text=&#8221;Worried about debt?&#8221; button_duplicated=&#8221;&#8221; cta_align=&#8221;&#8221; cms_template=&#8221;cms_cta&#8211;style3.php&#8221;][\/vc_column][\/vc_row][vc_row full_width=&#8221;stretch_row&#8221;][vc_column][vc_empty_space height=&#8221;43px&#8221;][vc_column_text]Ariba Network es m\u00e1s que simplemente una red de proveedores, la red comercial mundial es una comunidad global en la que su compa\u00f1\u00eda puede colaborar con cualquier otra, sea grande o peque\u00f1a, de cualquier lugar del mundo, donde sea que usted est\u00e9 comprando, vendiendo o manejando dinero en efectivo. Solo se trata del efecto de la red: habiendo tantos compradores y vendedores en la red y a\u00fan m\u00e1s uni\u00e9ndose en todo momento, usted cuenta con m\u00e1s oportunidades de negocios competitivos en esta red que en cualquier otro lugar. En este momento, hay m\u00e1s de 1.4 millones de Empresas por descubrir, que hacen negocios en 190 pa\u00edses de todo el mundo. En las pr\u00f3ximas 24 horas:<\/p>\n<p>Har\u00e1n transacciones comerciales por aproximadamente USD1.37 mil millones<br \/>\nIntercambiar\u00e1n casi 110,000 \u00f3rdenes de compra y m\u00e1s de 178,000 facturas<br \/>\nCooperar\u00e1n en descuentos por pago anticipado que representan USD30 millones en facturas<br \/>\nAhorrar\u00e1n USD82 millones en costos de suministros[\/vc_column_text][vc_empty_space height=&#8221;43px&#8221;][cms_fancybox_single icon_fontawesome=&#8221;fa fa-credit-card&#8221; title_item=&#8221;COMPRAR&#8221; description_item=&#8221;Acceda a una vasta red de proveedores calificados a nivel mundial, listos para competir por sus negocios. Con la informaci\u00f3n sobre gesti\u00f3n de proveedores y gastos actualizada e integral, trabajar\u00e1 con los proveedores adecuados, en el momento exacto, para reducir costos y minimizar riesgos.&#8221; cms_template=&#8221;cms_fancybox_single&#8211;layout6.php&#8221;][vc_empty_space height=&#8221;25px&#8221;][cms_fancybox_single icon_fontawesome=&#8221;fa fa-bullhorn&#8221; title_item=&#8221;VENDER&#8221; description_item=&#8221;D\u00eda tras d\u00eda, organizaciones de compradores l\u00edderes obtienen millones de d\u00f3lares en productos y servicios a trav\u00e9s de Ariba. Podemos ayudarlo a convertirse en un proveedor preferido reforzando sus capacidades en comercio electr\u00f3nico y acelerando su ciclo de ventas.&#8221; cms_template=&#8221;cms_fancybox_single&#8211;layout6.php&#8221;][vc_empty_space height=&#8221;25px&#8221;][cms_fancybox_single icon_fontawesome=&#8221;fa fa-money&#8221; title_item=&#8221;ADMINISTRAR-EFECTIVO&#8221; description_item=&#8221;Intercambiar \u00f3rdenes de compra y facturas en forma electr\u00f3nica le permite lograr un procesamiento de facturas adaptable a nivel mundial, cooperar en descuentos por pago anticipado y optimizar el capital de trabajo.&#8221; cms_template=&#8221;cms_fancybox_single&#8211;layout6.php&#8221;][vc_empty_space height=&#8221;74px&#8221;][\/vc_column][\/vc_row][vc_row full_width=&#8221;stretch_row&#8221; parallax=&#8221;content-moving&#8221; background_overlay_color=&#8221;yes&#8221; el_id=&#8221;sapsrm&#8221;][vc_column][cms_cta cta_title=&#8221;SAP SRM&#8221; cta_title_color=&#8221;#ffffff&#8221; cta_desc_color=&#8221;#ffffff&#8221; button_text=&#8221;VISITAR&#8221; link_button=&#8221;url:https%3A%2F%2Fwww.sap.com%2Findex.html||target:%20_blank|&#8221; button_style=&#8221;btn-default-white-alt&#8221; cta_text=&#8221;Worried about debt?&#8221; button_duplicated=&#8221;&#8221; cta_align=&#8221;&#8221; cms_template=&#8221;cms_cta&#8211;style3.php&#8221;][\/vc_column][\/vc_row][vc_row full_width=&#8221;stretch_row&#8221;][vc_column][vc_empty_space height=&#8221;43px&#8221;][vc_column_text]SRM es la soluci\u00f3n de SAP para la optimizaci\u00f3n de la gesti\u00f3n de Compras, que va desde la creaci\u00f3n de Requerimientos por \u00e1reas usuarias hasta el procesamiento de facturas pasando por la gesti\u00f3n espec\u00edfica del \u00e1rea de Compras para la creaci\u00f3n y uso de fuentes de aprovisionamiento. El mismo se compone de los siguientes escenarios los cuales pueden implementarse o no de acuerdo a las necesidades de cada Organizaci\u00f3n.[\/vc_column_text][vc_empty_space height=&#8221;43px&#8221;][cms_fancybox_single icon_fontawesome=&#8221;fa fa-signal&#8221; title_item=&#8221;SELF-SERVICE-PROCUREMENT&#8221; description_item=&#8221;Este escenario de negocios es usado para crear y gestionar los Requerimientos, teniendo como objetivo liberar al \u00c1rea de Compras de parte de la carga administrativa, mientras que hace que el proceso de Compras sea m\u00e1s r\u00e1pido y m\u00e1s preciso.&#8221; cms_template=&#8221;cms_fancybox_single&#8211;layout6.php&#8221;][vc_empty_space height=&#8221;25px&#8221;][cms_fancybox_single icon_fontawesome=&#8221;fa fa-sitemap&#8221; title_item=&#8221;PLAN-DRIVEN-PROCUREMENT&#8221; description_item=&#8221;Este escenario de negocios permite transferir manual o autom\u00e1ticamente Solicitudes de Pedido desde SAP ERP o cualquier otro sistema externo hacia SAP SRM para proceder al abastecimiento de las mismas.&#8221; cms_template=&#8221;cms_fancybox_single&#8211;layout6.php&#8221;][vc_empty_space height=&#8221;25px&#8221;][cms_fancybox_single icon_fontawesome=&#8221;fa fa-share-square-o&#8221; title_item=&#8221;SERVICE-PROCUREMENT&#8221; description_item=&#8221;Este escenario de negocios es utilizado para resolver las problem\u00e1ticas espec\u00edficas del aprovisionamiento de Servicios complejos como puede ser el uso de Jerarqu\u00edas de Servicios o la Contrataci\u00f3n de Personal Externo.&#8221; cms_template=&#8221;cms_fancybox_single&#8211;layout6.php&#8221;][vc_empty_space height=&#8221;25px&#8221;][cms_fancybox_single icon_fontawesome=&#8221;fa fa-list-alt&#8221; title_item=&#8221;SRM-MDM-CATALOG&#8221; description_item=&#8221;Este escenario de negocios le permite la creaci\u00f3n, administraci\u00f3n y uso de Cat\u00e1logos de Materiales o Servicios ya sean propios o de Proveedores. El principal objetivo es brindar una mejor experiencia al usuario final, agilizar el proceso de Compra y asegurar el cumplimiento de los acuerdos de precio \/ Contratos vigentes con los Proveedores.&#8221; cms_template=&#8221;cms_fancybox_single&#8211;layout6.php&#8221;][vc_empty_space height=&#8221;25px&#8221;][cms_fancybox_single icon_fontawesome=&#8221;fa fa-qrcode&#8221; title_item=&#8221;STRATEGIC-SOURCING&#8221; description_item=&#8221;Este escenario de negocios se utiliza para encontrar\/asignar una fuente de aprovisionamiento a un Requerimiento, ya sea directamente, mediante RFx (Pedido de informaci\u00f3n, Pedido de propuesta y \/ o Pedido de cotizaci\u00f3n) o utilizando subastas.&#8221; cms_template=&#8221;cms_fancybox_single&#8211;layout6.php&#8221;][vc_empty_space height=&#8221;25px&#8221;][cms_fancybox_single icon_fontawesome=&#8221;fa fa-check-square-o&#8221; title_item=&#8221;CONTRACT-MANAGEMENT&#8221; description_item=&#8221;Este escenario de negocios se utiliza para la creaci\u00f3n y procesamiento de Contratos Operativos con Proveedores, a fin de establecer acuerdos a mediano\/largo plazo que permitan no s\u00f3lo asegurar el aprovisionamiento sino tambi\u00e9n hacerlo bajo las mejores condiciones.&#8221; cms_template=&#8221;cms_fancybox_single&#8211;layout6.php&#8221;][vc_empty_space height=&#8221;25px&#8221;][cms_fancybox_single icon_fontawesome=&#8221;fa fa-print&#8221; title_item=&#8221;SUPPLIER-SELF-SERVICE&#8221; description_item=&#8221;Este escenario de negocios permite la colaboraci\u00f3n operativa con Proveedores desde la creaci\u00f3n de la Orden de Compra hasta la facturaci\u00f3n de la misma.&#8221; cms_template=&#8221;cms_fancybox_single&#8211;layout6.php&#8221;][vc_empty_space height=&#8221;25px&#8221;][cms_fancybox_single icon_fontawesome=&#8221;fa fa-bar-chart&#8221; title_item=&#8221;SPEND-ANALYTICS&#8221; description_item=&#8221;Este escenario de negocios permite la conectividad est\u00e1ndar con SAP BI, de modo de obtener la m\u00e1xima capacidad anal\u00edtica asociada a los escenarios anteriormente descriptos.&#8221; cms_template=&#8221;cms_fancybox_single&#8211;layout6.php&#8221;][vc_empty_space height=&#8221;25px&#8221;][cms_fancybox_single icon_fontawesome=&#8221;fa fa-file-text-o&#8221; title_item=&#8221;CONTRACT-LIFECYCLE-MANAGAMENT&#8221; description_item=&#8221;CLM es la soluci\u00f3n de SAP para la optimizaci\u00f3n de la gesti\u00f3n de Contratos Legales y Operativos, la cual va desde la creaci\u00f3n hasta la aprobaci\u00f3n, incluyendo el flujo de trabajo tanto interno como externo. El mismo se compone de los siguientes procesos:<\/p>\n<p>Redacci\u00f3n de Contratos Legales y creaci\u00f3n de Contratos operativos<br \/>\nLibrer\u00eda de Clausulas y Secciones<br \/>\nFlujo de trabajo interno y externo.<br \/>\nProceso de aprobaci\u00f3n<br \/>\nAlertas y Notificaciones&#8221; cms_template=&#8221;cms_fancybox_single&#8211;layout6.php&#8221;][vc_empty_space height=&#8221;74px&#8221;][\/vc_column][\/vc_row][vc_row full_width=&#8221;stretch_row&#8221; parallax=&#8221;content-moving&#8221; background_overlay_color=&#8221;yes&#8221; el_id=&#8221;os&#8221;][vc_column][cms_cta cta_title=&#8221;OTRAS SOLUCIONES&#8221; cta_title_color=&#8221;#ffffff&#8221; cta_desc_color=&#8221;#ffffff&#8221; button_text=&#8221;VISITAR&#8221; link_button=&#8221;url:https%3A%2F%2Fwww.sap.com%2Findex.html||target:%20_blank|&#8221; button_style=&#8221;btn-default-white-alt&#8221; cta_text=&#8221;Worried about debt?&#8221; button_duplicated=&#8221;&#8221; cta_align=&#8221;&#8221; cms_template=&#8221;cms_cta&#8211;style3.php&#8221;][\/vc_column][\/vc_row][vc_row full_width=&#8221;stretch_row&#8221;][vc_column][vc_empty_space height=&#8221;43px&#8221;][vc_column_text]Librer\u00eda de Clausulas y Secciones<br \/>\nFlujo de trabajo interno y externo.<br \/>\nProceso de aprobaci\u00f3n<br \/>\nAlertas y Notificaciones[\/vc_column_text][vc_empty_space height=&#8221;43px&#8221;][cms_fancybox_single icon_fontawesome=&#8221;fa fa-sitemap&#8221; title_item=&#8221;SAP MASTER DATA GOVERNANCE&#8221; description_item=&#8221;SAP MDG es la soluci\u00f3n que consolida y centraliza el gobierno del ciclo de vida de los Datos Maestros con el objetivo de incrementar la calidad y consistencia de la informaci\u00f3n a trav\u00e9s de su Organizaci\u00f3n. Brinda soporte a funcionalidades para comprender, integrar, limpiar, gestionar, asociar y archivar sus datos para optimizar los procesos de negocio y la informaci\u00f3n estrat\u00e9gica anal\u00edtica.<\/p>\n<p>Incluye las siguientes soluciones \u201clistas para correr\u201d entregadas por SAP:<br \/>\n&#8211; Clientes<br \/>\n&#8211; Proveedores<br \/>\n&#8211; Materiales<br \/>\n&#8211; Finanzas<br \/>\n&#8211; Art\u00edculos de Retail<br \/>\n&#8211; Activo T\u00e9cnico&#8221; cms_template=&#8221;cms_fancybox_single&#8211;layout6.php&#8221;][vc_empty_space height=&#8221;25px&#8221;][cms_fancybox_single icon_fontawesome=&#8221;fa fa-folder-open-o&#8221; title_item=&#8221;SAP CENTRAL FINANCE&#8221; description_item=&#8221;SAP C-FIN es una opci\u00f3n de implementaci\u00f3n de SAP S\/4HANA donde el Sistema\/s ERP actuales SAP o no SAP se conectan a SAP S\/4HANA con el objetivo de replicar en tiempo real los Documentos Financieros de FICO. Pueden implementarse bajo distintos modelos de replicaci\u00f3n, facilita la implementaci\u00f3n de otros Procesos centralizados como Central Payments y puede servir como base para la transici\u00f3n a SAP S\/4HANA.<\/p>\n<p>Las principales funcionalidades son:<br \/>\n&#8211; Interfaz de contabilidad centralizada<br \/>\n&#8211; Reconciliaci\u00f3n Intercompany<br \/>\n&#8211; Browser de relacionamiento de Documentos<br \/>\n&#8211; Reportes Financieros armonizados<br \/>\n&#8211; Carga inicial y repliaci\u00f3n de datos en l\u00ednea&#8221; cms_template=&#8221;cms_fancybox_single&#8211;layout6.php&#8221;][vc_empty_space height=&#8221;74px&#8221;][\/vc_column][\/vc_row]<\/p>\n","protected":false},"excerpt":{"rendered":"<p>[vc_row full_width=&#8221;stretch_row&#8221; parallax=&#8221;content-moving&#8221; background_overlay_color=&#8221;yes&#8221; el_id=&#8221;ariba&#8221;][vc_column][cms_cta cta_title=&#8221;ARIBA&#8221; cta_title_color=&#8221;#ffffff&#8221; cta_desc_color=&#8221;#ffffff&#8221; button_text=&#8221;VISITAR&#8221; link_button=&#8221;url:http%3A%2F%2Fes.ariba.com%2F||target:%20_blank|&#8221; button_style=&#8221;btn-default-white-alt&#8221; cta_text=&#8221;Worried about debt?&#8221; button_duplicated=&#8221;&#8221; cta_align=&#8221;&#8221; cms_template=&#8221;cms_cta&#8211;style3.php&#8221;][\/vc_column][\/vc_row][vc_row full_width=&#8221;stretch_row&#8221;][vc_column][vc_empty_space height=&#8221;43px&#8221;][vc_column_text]Con Ariba, la red comercial mundial, y sus aplicaciones basadas en la nube, l\u00edderes en la industria, puede extender sus procesos m\u00e1s all\u00e1 de los l\u00edmites f\u00edsicos de su organizaci\u00f3n. Luego, sin instalar ning\u00fan software ni hardware [&hellip;]<\/p>\n","protected":false},"author":2,"featured_media":0,"parent":0,"menu_order":0,"comment_status":"closed","ping_status":"closed","template":"","meta":[],"_links":{"self":[{"href":"https:\/\/bhconsulting.com.ar\/en\/wp-json\/wp\/v2\/pages\/2806"}],"collection":[{"href":"https:\/\/bhconsulting.com.ar\/en\/wp-json\/wp\/v2\/pages"}],"about":[{"href":"https:\/\/bhconsulting.com.ar\/en\/wp-json\/wp\/v2\/types\/page"}],"author":[{"embeddable":true,"href":"https:\/\/bhconsulting.com.ar\/en\/wp-json\/wp\/v2\/users\/2"}],"replies":[{"embeddable":true,"href":"https:\/\/bhconsulting.com.ar\/en\/wp-json\/wp\/v2\/comments?post=2806"}],"version-history":[{"count":19,"href":"https:\/\/bhconsulting.com.ar\/en\/wp-json\/wp\/v2\/pages\/2806\/revisions"}],"predecessor-version":[{"id":2938,"href":"https:\/\/bhconsulting.com.ar\/en\/wp-json\/wp\/v2\/pages\/2806\/revisions\/2938"}],"wp:attachment":[{"href":"https:\/\/bhconsulting.com.ar\/en\/wp-json\/wp\/v2\/media?parent=2806"}],"curies":[{"name":"wp","href":"https:\/\/api.w.org\/{rel}","templated":true}]}}